{"id":6,"date":"2026-01-07T09:01:57","date_gmt":"2026-01-07T09:01:57","guid":{"rendered":"http:\/\/pequenamare.pt\/?page_id=6"},"modified":"2026-04-01T09:49:19","modified_gmt":"2026-04-01T09:49:19","slug":"inicio","status":"publish","type":"page","link":"https:\/\/pequenamare.pt\/","title":{"rendered":"Pequena Mar\u00e9"},"content":{"rendered":"\n<div class=\"wp-block-cover aligncenter is-light\" style=\"margin-top:0;margin-bottom:0;padding-right:0;padding-left:0;min-height:100vh;aspect-ratio:unset;\"><img loading=\"lazy\" decoding=\"async\" width=\"2560\" height=\"1706\" class=\"wp-block-cover__image-background wp-image-113 size-full\" alt=\"\" src=\"http:\/\/pequenamare.pt\/wp-content\/uploads\/2026\/02\/1f39a384-ac26-47df-a5fb-8eaa1da56654-md-scaled.jpeg\" data-object-fit=\"cover\" srcset=\"https:\/\/pequenamare.pt\/wp-content\/uploads\/2026\/02\/1f39a384-ac26-47df-a5fb-8eaa1da56654-md-scaled.jpeg 2560w, https:\/\/pequenamare.pt\/wp-content\/uploads\/2026\/02\/1f39a384-ac26-47df-a5fb-8eaa1da56654-md-300x200.jpeg 300w, https:\/\/pequenamare.pt\/wp-content\/uploads\/2026\/02\/1f39a384-ac26-47df-a5fb-8eaa1da56654-md-1024x682.jpeg 1024w, https:\/\/pequenamare.pt\/wp-content\/uploads\/2026\/02\/1f39a384-ac26-47df-a5fb-8eaa1da56654-md-768x512.jpeg 768w, https:\/\/pequenamare.pt\/wp-content\/uploads\/2026\/02\/1f39a384-ac26-47df-a5fb-8eaa1da56654-md-1536x1023.jpeg 1536w, https:\/\/pequenamare.pt\/wp-content\/uploads\/2026\/02\/1f39a384-ac26-47df-a5fb-8eaa1da56654-md-2048x1364.jpeg 2048w\" sizes=\"auto, (max-width: 2560px) 100vw, 2560px\" \/><span aria-hidden=\"true\" class=\"wp-block-cover__background has-background-dim-0 has-background-dim\" style=\"background-color:#dcd1c9\"><\/span><div class=\"wp-block-cover__inner-container is-layout-flow wp-block-cover-is-layout-flow\">\n<h2 class=\"wp-block-heading has-text-align-center has-ast-global-color-3-color has-text-color has-link-color has-quicksand-font-family wp-elements-918d49b41b34186ead59a3e180831179\" style=\"font-size:30px\">Pequena Mar\u00e9<\/h2>\n\n\n\n<p class=\"has-text-align-center has-ast-global-color-3-color has-text-color has-link-color has-small-font-size wp-elements-dd62f0a404dfaa0b3f3fc5ac7a1f811b\" style=\"margin-top:var(--wp--preset--spacing--20);margin-right:0;margin-bottom:var(--wp--preset--spacing--20);margin-left:0;font-size:25px\">A chegada de um beb\u00e9 \u00e9 como uma nova mar\u00e9 na nossa vida<\/p>\n\n\n\n<div class=\"wp-block-buttons is-content-justification-center is-layout-flex wp-container-core-buttons-is-layout-a89b3969 wp-block-buttons-is-layout-flex\">\n<div class=\"wp-block-button is-style-outline is-style-outline--1\"><a class=\"wp-block-button__link has-ast-global-color-3-color has-text-color has-link-color has-border-color has-custom-font-size wp-element-button\" href=\"http:\/\/pequenamare.pt\/?page_id=8\" style=\"border-color:var(--ast-global-color-3);border-width:1px;border-top-left-radius:7px;border-top-right-radius:7px;border-bottom-left-radius:7px;border-bottom-right-radius:7px;padding-top:var(--wp--preset--spacing--20);padding-right:var(--wp--preset--spacing--20);padding-bottom:var(--wp--preset--spacing--20);padding-left:var(--wp--preset--spacing--20);font-size:12px\">Conhecer a Pequena Mar\u00e9<\/a><\/div>\n<\/div>\n\n\n\n<div class=\"wp-block-buttons is-content-justification-center is-layout-flex wp-container-core-buttons-is-layout-a89b3969 wp-block-buttons-is-layout-flex\"><\/div>\n<\/div><\/div>\n","protected":false},"excerpt":{"rendered":"","protected":false},"author":1,"featured_media":0,"parent":0,"menu_order":0,"comment_status":"closed","ping_status":"closed","template":"template-fullwidth.php","meta":{"site-sidebar-layout":"default","site-content-layout":"","ast-site-content-layout":"full-width-container","site-content-style":"default","site-sidebar-style":"default","ast-global-header-display":"disabled","ast-banner-title-visibility":"disabled","ast-main-header-display":"","ast-hfb-above-header-display":"","ast-hfb-below-header-display":"","ast-hfb-mobile-header-display":"","site-post-title":"","ast-breadcrumbs-content":"","ast-featured-img":"","footer-sml-layout":"disabled","ast-disable-related-posts":"","theme-transparent-header-meta":"","adv-header-id-meta":"","stick-header-meta":"","header-above-stick-meta":"","header-main-stick-meta":"","header-below-stick-meta":"","astra-migrate-meta-layouts":"default","ast-page-background-enabled":"default","ast-page-background-meta":{"desktop":{"background-color":"var(--ast-global-color-5)","background-image":"","background-repeat":"repeat","background-position":"center center","background-size":"auto","background-attachment":"scroll","background-type":"","background-media":"","overlay-type":"","overlay-color":"","overlay-opacity":"","overlay-gradient":""},"tablet":{"background-color":"","background-image":"","background-repeat":"repeat","background-position":"center center","background-size":"auto","background-attachment":"scroll","background-type":"","background-media":"","overlay-type":"","overlay-color":"","overlay-opacity":"","overlay-gradient":""},"mobile":{"background-color":"","background-image":"","background-repeat":"repeat","background-position":"center center","background-size":"auto","background-attachment":"scroll","background-type":"","background-media":"","overlay-type":"","overlay-color":"","overlay-opacity":"","overlay-gradient":""}},"ast-content-background-meta":{"desktop":{"background-color":"var(--ast-global-color-4)","background-image":"","background-repeat":"repeat","background-position":"center center","background-size":"auto","background-attachment":"scroll","background-type":"","background-media":"","overlay-type":"","overlay-color":"","overlay-opacity":"","overlay-gradient":""},"tablet":{"background-color":"var(--ast-global-color-4)","background-image":"","background-repeat":"repeat","background-position":"center center","background-size":"auto","background-attachment":"scroll","background-type":"","background-media":"","overlay-type":"","overlay-color":"","overlay-opacity":"","overlay-gradient":""},"mobile":{"background-color":"var(--ast-global-color-4)","background-image":"","background-repeat":"repeat","background-position":"center center","background-size":"auto","background-attachment":"scroll","background-type":"","background-media":"","overlay-type":"","overlay-color":"","overlay-opacity":"","overlay-gradient":""}},"footnotes":""},"class_list":["post-6","page","type-page","status-publish","hentry"],"_links":{"self":[{"href":"https:\/\/pequenamare.pt\/index.php?rest_route=\/wp\/v2\/pages\/6","targetHints":{"allow":["GET"]}}],"collection":[{"href":"https:\/\/pequenamare.pt\/index.php?rest_route=\/wp\/v2\/pages"}],"about":[{"href":"https:\/\/pequenamare.pt\/index.php?rest_route=\/wp\/v2\/types\/page"}],"author":[{"embeddable":true,"href":"https:\/\/pequenamare.pt\/index.php?rest_route=\/wp\/v2\/users\/1"}],"replies":[{"embeddable":true,"href":"https:\/\/pequenamare.pt\/index.php?rest_route=%2Fwp%2Fv2%2Fcomments&post=6"}],"version-history":[{"count":45,"href":"https:\/\/pequenamare.pt\/index.php?rest_route=\/wp\/v2\/pages\/6\/revisions"}],"predecessor-version":[{"id":139,"href":"https:\/\/pequenamare.pt\/index.php?rest_route=\/wp\/v2\/pages\/6\/revisions\/139"}],"wp:attachment":[{"href":"https:\/\/pequenamare.pt\/index.php?rest_route=%2Fwp%2Fv2%2Fmedia&parent=6"}],"curies":[{"name":"wp","href":"https:\/\/api.w.org\/{rel}","templated":true}]}}